{"id":1133,"date":"2025-03-05T09:32:40","date_gmt":"2025-03-05T09:32:40","guid":{"rendered":"https:\/\/www.waterleakservices.es\/?page_id=1133"},"modified":"2025-03-25T11:04:44","modified_gmt":"2025-03-25T11:04:44","slug":"blogs","status":"publish","type":"page","link":"http:\/\/www.waterleakservices.es\/es\/blogs\/","title":{"rendered":"Latest Blogs"},"content":{"rendered":"\t\t<div data-elementor-type=\"wp-page\" data-elementor-id=\"1133\" class=\"elementor elementor-1133\" data-elementor-post-type=\"page\">\n\t\t\t\t<div class=\"elementor-element elementor-element-c2b33e2 e-flex e-con-boxed e-con e-parent\" data-id=\"c2b33e2\" data-element_type=\"container\" data-e-type=\"container\">\n\t\t\t\t\t<div class=\"e-con-inner\">\n\t\t\t\t<div class=\"elementor-element elementor-element-0cb36c4 elementor-widget elementor-widget-heading\" data-id=\"0cb36c4\" data-element_type=\"widget\" data-e-type=\"widget\" data-widget_type=\"heading.default\">\n\t\t\t\t<div class=\"elementor-widget-container\">\n\t\t\t\t\t<h1 class=\"elementor-heading-title elementor-size-default\">Latest Blogs<\/h1>\t\t\t\t<\/div>\n\t\t\t\t<\/div>\n\t\t\t\t<div class=\"elementor-element elementor-element-103a292 elementor-grid-3 elementor-grid-tablet-2 elementor-grid-mobile-1 elementor-widget elementor-widget-loop-grid\" data-id=\"103a292\" data-element_type=\"widget\" data-e-type=\"widget\" data-settings=\"{&quot;template_id&quot;:1171,&quot;_skin&quot;:&quot;post&quot;,&quot;columns&quot;:&quot;3&quot;,&quot;columns_tablet&quot;:&quot;2&quot;,&quot;columns_mobile&quot;:&quot;1&quot;,&quot;edit_handle_selector&quot;:&quot;[data-elementor-type=\\&quot;loop-item\\&quot;]&quot;,&quot;row_gap&quot;:{&quot;unit&quot;:&quot;px&quot;,&quot;size&quot;:&quot;&quot;,&quot;sizes&quot;:[]},&quot;row_gap_tablet&quot;:{&quot;unit&quot;:&quot;px&quot;,&quot;size&quot;:&quot;&quot;,&quot;sizes&quot;:[]},&quot;row_gap_mobile&quot;:{&quot;unit&quot;:&quot;px&quot;,&quot;size&quot;:&quot;&quot;,&quot;sizes&quot;:[]}}\" data-widget_type=\"loop-grid.post\">\n\t\t\t\t<div class=\"elementor-widget-container\">\n\t\t\t\t\t\t\t<div class=\"elementor-loop-container elementor-grid\" role=\"list\">\n\t\t<style id=\"loop-1171\">.elementor-1171 .elementor-element.elementor-element-9becc43{--display:flex;}.elementor-widget-theme-post-featured-image .widget-image-caption{color:var( --e-global-color-text );font-family:var( --e-global-typography-text-font-family ), Sans-serif;font-weight:var( --e-global-typography-text-font-weight );}.elementor-widget-theme-post-title .elementor-heading-title{font-family:var( --e-global-typography-primary-font-family ), Sans-serif;font-weight:var( --e-global-typography-primary-font-weight );color:var( --e-global-color-primary );}.elementor-1171 .elementor-element.elementor-element-33fcc84 .elementor-heading-title{font-family:\"Work Sans\", Sans-serif;font-size:25px;font-weight:600;}.elementor-widget-theme-post-excerpt .elementor-widget-container{font-family:var( --e-global-typography-text-font-family ), Sans-serif;font-weight:var( --e-global-typography-text-font-weight );color:var( --e-global-color-text );}.elementor-widget-button .elementor-button{font-family:var( --e-global-typography-accent-font-family ), Sans-serif;font-weight:var( --e-global-typography-accent-font-weight );background-color:var( --e-global-color-accent );}.elementor-1171 .elementor-element.elementor-element-57961b2 .elementor-button{font-family:\"Work Sans\", Sans-serif;font-size:15px;font-weight:500;}<\/style>\t\t<div data-elementor-type=\"loop-item\" data-elementor-id=\"1171\" class=\"elementor elementor-1171 e-loop-item e-loop-item-1509 post-1509 post type-post status-publish format-standard hentry category-blog\" data-elementor-post-type=\"elementor_library\" data-custom-edit-handle=\"1\">\n\t\t\t<div class=\"elementor-element elementor-element-9becc43 e-flex e-con-boxed e-con e-parent\" data-id=\"9becc43\" data-element_type=\"container\" data-e-type=\"container\">\n\t\t\t\t\t<div class=\"e-con-inner\">\n\t\t\t\t<div class=\"elementor-element elementor-element-33fcc84 elementor-widget elementor-widget-theme-post-title elementor-page-title elementor-widget-heading\" data-id=\"33fcc84\" data-element_type=\"widget\" data-e-type=\"widget\" data-widget_type=\"theme-post-title.default\">\n\t\t\t\t<div class=\"elementor-widget-container\">\n\t\t\t\t\t<h2 class=\"elementor-heading-title elementor-size-default\"><a href=\"http:\/\/www.waterleakservices.es\/es\/rockstar\/\">Rockstar<\/a><\/h2>\t\t\t\t<\/div>\n\t\t\t\t<\/div>\n\t\t\t\t<div class=\"elementor-element elementor-element-bfa2670 elementor-widget elementor-widget-theme-post-excerpt\" data-id=\"bfa2670\" data-element_type=\"widget\" data-e-type=\"widget\" data-widget_type=\"theme-post-excerpt.default\">\n\t\t\t\t<div class=\"elementor-widget-container\">\n\t\t\t\t\t<p>Rockstar recension Rockstar utm\u00e4rker sig med snabb registrering via BankID. Spelare aktiverar konton p\u00e5 sekunder utan kr\u00e5ngel. Casinot integrerar tusentals\t\t\t\t<\/div>\n\t\t\t\t<\/div>\n\t\t\t\t<div class=\"elementor-element elementor-element-57961b2 elementor-widget elementor-widget-button\" data-id=\"57961b2\" data-element_type=\"widget\" data-e-type=\"widget\" data-widget_type=\"button.default\">\n\t\t\t\t<div class=\"elementor-widget-container\">\n\t\t\t\t\t\t\t\t\t<div class=\"elementor-button-wrapper\">\n\t\t\t\t\t<a class=\"elementor-button elementor-button-link elementor-size-sm\" href=\"http:\/\/www.waterleakservices.es\/es\/rockstar\/\" target=\"_blank\">\n\t\t\t\t\t\t<span class=\"elementor-button-content-wrapper\">\n\t\t\t\t\t\t\t\t\t<span class=\"elementor-button-text\">Read More<\/span>\n\t\t\t\t\t<\/span>\n\t\t\t\t\t<\/a>\n\t\t\t\t<\/div>\n\t\t\t\t\t\t\t\t<\/div>\n\t\t\t\t<\/div>\n\t\t\t\t\t<\/div>\n\t\t\t\t<\/div>\n\t\t\t\t<\/div>\n\t\t\t\t<div data-elementor-type=\"loop-item\" data-elementor-id=\"1171\" class=\"elementor elementor-1171 e-loop-item e-loop-item-1528 post-1528 post type-post status-publish format-standard hentry category-uncategorized\" data-elementor-post-type=\"elementor_library\" data-custom-edit-handle=\"1\">\n\t\t\t<div class=\"elementor-element elementor-element-9becc43 e-flex e-con-boxed e-con e-parent\" data-id=\"9becc43\" data-element_type=\"container\" data-e-type=\"container\">\n\t\t\t\t\t<div class=\"e-con-inner\">\n\t\t\t\t<div class=\"elementor-element elementor-element-33fcc84 elementor-widget elementor-widget-theme-post-title elementor-page-title elementor-widget-heading\" data-id=\"33fcc84\" data-element_type=\"widget\" data-e-type=\"widget\" data-widget_type=\"theme-post-title.default\">\n\t\t\t\t<div class=\"elementor-widget-container\">\n\t\t\t\t\t<h2 class=\"elementor-heading-title elementor-size-default\"><a href=\"http:\/\/www.waterleakservices.es\/es\/winstler-gaming-experience-met-live-dealers-en-slots-447\/\">Winstler Gaming Experience met Live Dealers en Slots 447<\/a><\/h2>\t\t\t\t<\/div>\n\t\t\t\t<\/div>\n\t\t\t\t<div class=\"elementor-element elementor-element-bfa2670 elementor-widget elementor-widget-theme-post-excerpt\" data-id=\"bfa2670\" data-element_type=\"widget\" data-e-type=\"widget\" data-widget_type=\"theme-post-excerpt.default\">\n\t\t\t\t<div class=\"elementor-widget-container\">\n\t\t\t\t\t<p>Voor- en nadelen van Winstler&#8217;s Winstler heeft verschillende sterke punten die spelers aanspreken. Platform biedt moderne interface en snelle laadtijden.\t\t\t\t<\/div>\n\t\t\t\t<\/div>\n\t\t\t\t<div class=\"elementor-element elementor-element-57961b2 elementor-widget elementor-widget-button\" data-id=\"57961b2\" data-element_type=\"widget\" data-e-type=\"widget\" data-widget_type=\"button.default\">\n\t\t\t\t<div class=\"elementor-widget-container\">\n\t\t\t\t\t\t\t\t\t<div class=\"elementor-button-wrapper\">\n\t\t\t\t\t<a class=\"elementor-button elementor-button-link elementor-size-sm\" href=\"http:\/\/www.waterleakservices.es\/es\/winstler-gaming-experience-met-live-dealers-en-slots-447\/\" target=\"_blank\">\n\t\t\t\t\t\t<span class=\"elementor-button-content-wrapper\">\n\t\t\t\t\t\t\t\t\t<span class=\"elementor-button-text\">Read More<\/span>\n\t\t\t\t\t<\/span>\n\t\t\t\t\t<\/a>\n\t\t\t\t<\/div>\n\t\t\t\t\t\t\t\t<\/div>\n\t\t\t\t<\/div>\n\t\t\t\t\t<\/div>\n\t\t\t\t<\/div>\n\t\t\t\t<\/div>\n\t\t\t\t<div data-elementor-type=\"loop-item\" data-elementor-id=\"1171\" class=\"elementor elementor-1171 e-loop-item e-loop-item-1507 post-1507 post type-post status-publish format-standard hentry category-uncategorized\" data-elementor-post-type=\"elementor_library\" data-custom-edit-handle=\"1\">\n\t\t\t<div class=\"elementor-element elementor-element-9becc43 e-flex e-con-boxed e-con e-parent\" data-id=\"9becc43\" data-element_type=\"container\" data-e-type=\"container\">\n\t\t\t\t\t<div class=\"e-con-inner\">\n\t\t\t\t<div class=\"elementor-element elementor-element-33fcc84 elementor-widget elementor-widget-theme-post-title elementor-page-title elementor-widget-heading\" data-id=\"33fcc84\" data-element_type=\"widget\" data-e-type=\"widget\" data-widget_type=\"theme-post-title.default\">\n\t\t\t\t<div class=\"elementor-widget-container\">\n\t\t\t\t\t<h2 class=\"elementor-heading-title elementor-size-default\"><a href=\"http:\/\/www.waterleakservices.es\/es\/wunderino\/\">Wunderino<\/a><\/h2>\t\t\t\t<\/div>\n\t\t\t\t<\/div>\n\t\t\t\t<div class=\"elementor-element elementor-element-bfa2670 elementor-widget elementor-widget-theme-post-excerpt\" data-id=\"bfa2670\" data-element_type=\"widget\" data-e-type=\"widget\" data-widget_type=\"theme-post-excerpt.default\">\n\t\t\t\t<div class=\"elementor-widget-container\">\n\t\t\t\t\t<p>Wunderino Lizenz &#038; Sicherheit Wunderino besitzt eine internationale Lizenz, die von einer anerkannten Beh\u00f6rde aus Cura\u00e7ao ausgestellt wurde. Diese Lizenz\t\t\t\t<\/div>\n\t\t\t\t<\/div>\n\t\t\t\t<div class=\"elementor-element elementor-element-57961b2 elementor-widget elementor-widget-button\" data-id=\"57961b2\" data-element_type=\"widget\" data-e-type=\"widget\" data-widget_type=\"button.default\">\n\t\t\t\t<div class=\"elementor-widget-container\">\n\t\t\t\t\t\t\t\t\t<div class=\"elementor-button-wrapper\">\n\t\t\t\t\t<a class=\"elementor-button elementor-button-link elementor-size-sm\" href=\"http:\/\/www.waterleakservices.es\/es\/wunderino\/\" target=\"_blank\">\n\t\t\t\t\t\t<span class=\"elementor-button-content-wrapper\">\n\t\t\t\t\t\t\t\t\t<span class=\"elementor-button-text\">Read More<\/span>\n\t\t\t\t\t<\/span>\n\t\t\t\t\t<\/a>\n\t\t\t\t<\/div>\n\t\t\t\t\t\t\t\t<\/div>\n\t\t\t\t<\/div>\n\t\t\t\t\t<\/div>\n\t\t\t\t<\/div>\n\t\t\t\t<\/div>\n\t\t\t\t<div data-elementor-type=\"loop-item\" data-elementor-id=\"1171\" class=\"elementor elementor-1171 e-loop-item e-loop-item-1494 post-1494 post type-post status-publish format-standard hentry category-uncategorized\" data-elementor-post-type=\"elementor_library\" data-custom-edit-handle=\"1\">\n\t\t\t<div class=\"elementor-element elementor-element-9becc43 e-flex e-con-boxed e-con e-parent\" data-id=\"9becc43\" data-element_type=\"container\" data-e-type=\"container\">\n\t\t\t\t\t<div class=\"e-con-inner\">\n\t\t\t\t<div class=\"elementor-element elementor-element-33fcc84 elementor-widget elementor-widget-theme-post-title elementor-page-title elementor-widget-heading\" data-id=\"33fcc84\" data-element_type=\"widget\" data-e-type=\"widget\" data-widget_type=\"theme-post-title.default\">\n\t\t\t\t<div class=\"elementor-widget-container\">\n\t\t\t\t\t<h2 class=\"elementor-heading-title elementor-size-default\"><a href=\"http:\/\/www.waterleakservices.es\/es\/doctor-spins-opens-cheltenham-room-streaming-all-festival-2026-races\/\">Doctor Spins Opens &#8216;Cheltenham Room&#8217; Streaming All Festival 2026 Races<\/a><\/h2>\t\t\t\t<\/div>\n\t\t\t\t<\/div>\n\t\t\t\t<div class=\"elementor-element elementor-element-bfa2670 elementor-widget elementor-widget-theme-post-excerpt\" data-id=\"bfa2670\" data-element_type=\"widget\" data-e-type=\"widget\" data-widget_type=\"theme-post-excerpt.default\">\n\t\t\t\t<div class=\"elementor-widget-container\">\n\t\t\t\t\t<p>How to Play Slingo Doctor Spins with a Low Betting Limit Gambling enthusiasts seeking budget-friendly entertainment will appreciate Doctor Spins&#8217;\t\t\t\t<\/div>\n\t\t\t\t<\/div>\n\t\t\t\t<div class=\"elementor-element elementor-element-57961b2 elementor-widget elementor-widget-button\" data-id=\"57961b2\" data-element_type=\"widget\" data-e-type=\"widget\" data-widget_type=\"button.default\">\n\t\t\t\t<div class=\"elementor-widget-container\">\n\t\t\t\t\t\t\t\t\t<div class=\"elementor-button-wrapper\">\n\t\t\t\t\t<a class=\"elementor-button elementor-button-link elementor-size-sm\" href=\"http:\/\/www.waterleakservices.es\/es\/doctor-spins-opens-cheltenham-room-streaming-all-festival-2026-races\/\" target=\"_blank\">\n\t\t\t\t\t\t<span class=\"elementor-button-content-wrapper\">\n\t\t\t\t\t\t\t\t\t<span class=\"elementor-button-text\">Read More<\/span>\n\t\t\t\t\t<\/span>\n\t\t\t\t\t<\/a>\n\t\t\t\t<\/div>\n\t\t\t\t\t\t\t\t<\/div>\n\t\t\t\t<\/div>\n\t\t\t\t\t<\/div>\n\t\t\t\t<\/div>\n\t\t\t\t<\/div>\n\t\t\t\t<div data-elementor-type=\"loop-item\" data-elementor-id=\"1171\" class=\"elementor elementor-1171 e-loop-item e-loop-item-1508 post-1508 post type-post status-publish format-standard hentry category-blog\" data-elementor-post-type=\"elementor_library\" data-custom-edit-handle=\"1\">\n\t\t\t<div class=\"elementor-element elementor-element-9becc43 e-flex e-con-boxed e-con e-parent\" data-id=\"9becc43\" data-element_type=\"container\" data-e-type=\"container\">\n\t\t\t\t\t<div class=\"e-con-inner\">\n\t\t\t\t<div class=\"elementor-element elementor-element-33fcc84 elementor-widget elementor-widget-theme-post-title elementor-page-title elementor-widget-heading\" data-id=\"33fcc84\" data-element_type=\"widget\" data-e-type=\"widget\" data-widget_type=\"theme-post-title.default\">\n\t\t\t\t<div class=\"elementor-widget-container\">\n\t\t\t\t\t<h2 class=\"elementor-heading-title elementor-size-default\"><a href=\"http:\/\/www.waterleakservices.es\/es\/21-casino-glasgow\/\">21 Casino Glasgow<\/a><\/h2>\t\t\t\t<\/div>\n\t\t\t\t<\/div>\n\t\t\t\t<div class=\"elementor-element elementor-element-bfa2670 elementor-widget elementor-widget-theme-post-excerpt\" data-id=\"bfa2670\" data-element_type=\"widget\" data-e-type=\"widget\" data-widget_type=\"theme-post-excerpt.default\">\n\t\t\t\t<div class=\"elementor-widget-container\">\n\t\t\t\t\t<p>21 Casino Bonus 2026 The bonus offerings at 21 Casino Glasgow for 2026 are tailored to attract both new and\t\t\t\t<\/div>\n\t\t\t\t<\/div>\n\t\t\t\t<div class=\"elementor-element elementor-element-57961b2 elementor-widget elementor-widget-button\" data-id=\"57961b2\" data-element_type=\"widget\" data-e-type=\"widget\" data-widget_type=\"button.default\">\n\t\t\t\t<div class=\"elementor-widget-container\">\n\t\t\t\t\t\t\t\t\t<div class=\"elementor-button-wrapper\">\n\t\t\t\t\t<a class=\"elementor-button elementor-button-link elementor-size-sm\" href=\"http:\/\/www.waterleakservices.es\/es\/21-casino-glasgow\/\" target=\"_blank\">\n\t\t\t\t\t\t<span class=\"elementor-button-content-wrapper\">\n\t\t\t\t\t\t\t\t\t<span class=\"elementor-button-text\">Read More<\/span>\n\t\t\t\t\t<\/span>\n\t\t\t\t\t<\/a>\n\t\t\t\t<\/div>\n\t\t\t\t\t\t\t\t<\/div>\n\t\t\t\t<\/div>\n\t\t\t\t\t<\/div>\n\t\t\t\t<\/div>\n\t\t\t\t<\/div>\n\t\t\t\t<div data-elementor-type=\"loop-item\" data-elementor-id=\"1171\" class=\"elementor elementor-1171 e-loop-item e-loop-item-1496 post-1496 post type-post status-publish format-standard hentry category-blog\" data-elementor-post-type=\"elementor_library\" data-custom-edit-handle=\"1\">\n\t\t\t<div class=\"elementor-element elementor-element-9becc43 e-flex e-con-boxed e-con e-parent\" data-id=\"9becc43\" data-element_type=\"container\" data-e-type=\"container\">\n\t\t\t\t\t<div class=\"e-con-inner\">\n\t\t\t\t<div class=\"elementor-element elementor-element-33fcc84 elementor-widget elementor-widget-theme-post-title elementor-page-title elementor-widget-heading\" data-id=\"33fcc84\" data-element_type=\"widget\" data-e-type=\"widget\" data-widget_type=\"theme-post-title.default\">\n\t\t\t\t<div class=\"elementor-widget-container\">\n\t\t\t\t\t<h2 class=\"elementor-heading-title elementor-size-default\"><a href=\"http:\/\/www.waterleakservices.es\/es\/entfessle-dein-gluck-mit-dem-jack-casino-promo-code\/\">Entfessle Dein Gl\u00fcck mit dem Jack Casino Promo Code<\/a><\/h2>\t\t\t\t<\/div>\n\t\t\t\t<\/div>\n\t\t\t\t<div class=\"elementor-element elementor-element-bfa2670 elementor-widget elementor-widget-theme-post-excerpt\" data-id=\"bfa2670\" data-element_type=\"widget\" data-e-type=\"widget\" data-widget_type=\"theme-post-excerpt.default\">\n\t\t\t\t<div class=\"elementor-widget-container\">\n\t\t\t\t\t<p>25 &#8211; 100 Free Spins at Jack Casino Willkommensboni mit bis zu 100 Free Spins warten auf neue Spieler. Diese\t\t\t\t<\/div>\n\t\t\t\t<\/div>\n\t\t\t\t<div class=\"elementor-element elementor-element-57961b2 elementor-widget elementor-widget-button\" data-id=\"57961b2\" data-element_type=\"widget\" data-e-type=\"widget\" data-widget_type=\"button.default\">\n\t\t\t\t<div class=\"elementor-widget-container\">\n\t\t\t\t\t\t\t\t\t<div class=\"elementor-button-wrapper\">\n\t\t\t\t\t<a class=\"elementor-button elementor-button-link elementor-size-sm\" href=\"http:\/\/www.waterleakservices.es\/es\/entfessle-dein-gluck-mit-dem-jack-casino-promo-code\/\" target=\"_blank\">\n\t\t\t\t\t\t<span class=\"elementor-button-content-wrapper\">\n\t\t\t\t\t\t\t\t\t<span class=\"elementor-button-text\">Read More<\/span>\n\t\t\t\t\t<\/span>\n\t\t\t\t\t<\/a>\n\t\t\t\t<\/div>\n\t\t\t\t\t\t\t\t<\/div>\n\t\t\t\t<\/div>\n\t\t\t\t\t<\/div>\n\t\t\t\t<\/div>\n\t\t\t\t<\/div>\n\t\t\t\t<\/div>\n\t\t\n\t\t\t\t\t\t<\/div>\n\t\t\t\t<\/div>\n\t\t\t\t\t<\/div>\n\t\t\t\t<\/div>\n\t\t\t\t<\/div>\n\t\t","protected":false},"excerpt":{"rendered":"<p>Latest Blogs<\/p>","protected":false},"author":1,"featured_media":0,"parent":0,"menu_order":0,"comment_status":"closed","ping_status":"closed","template":"elementor_header_footer","meta":{"footnotes":""},"class_list":["post-1133","page","type-page","status-publish","hentry"],"yoast_head":"<!-- This site is optimized with the Yoast SEO plugin v27.5 - https:\/\/yoast.com\/product\/yoast-seo-wordpress\/ -->\n<title>Water Leak Services Spain Blog | Expert Leak Detection Insights<\/title>\n<meta name=\"description\" content=\"Stay informed with Water Leak Services Spain&#039;s blog. Explore articles on leak detection methods, maintenance tips &amp; water conservation strategies.\" \/>\n<meta name=\"robots\" content=\"index, follow, max-snippet:-1, max-image-preview:large, max-video-preview:-1\" \/>\n<link rel=\"canonical\" href=\"https:\/\/www.waterleakservices.es\/es\/blogs\/\" \/>\n<meta property=\"og:locale\" content=\"es_ES\" \/>\n<meta property=\"og:type\" content=\"article\" \/>\n<meta property=\"og:title\" content=\"Water Leak Services Spain Blog | Expert Leak Detection Insights\" \/>\n<meta property=\"og:description\" content=\"Stay informed with Water Leak Services Spain&#039;s blog. Explore articles on leak detection methods, maintenance tips &amp; water conservation strategies.\" \/>\n<meta property=\"og:url\" content=\"https:\/\/www.waterleakservices.es\/es\/blogs\/\" \/>\n<meta property=\"og:site_name\" content=\"Water Leak Detection .es\" \/>\n<meta property=\"article:modified_time\" content=\"2025-03-25T11:04:44+00:00\" \/>\n<meta name=\"twitter:card\" content=\"summary_large_image\" \/>\n<meta name=\"twitter:label1\" content=\"Tiempo de lectura\" \/>\n\t<meta name=\"twitter:data1\" content=\"1 minuto\" \/>\n<script type=\"application\/ld+json\" class=\"yoast-schema-graph\">{\"@context\":\"https:\\\/\\\/schema.org\",\"@graph\":[{\"@type\":\"WebPage\",\"@id\":\"https:\\\/\\\/www.waterleakservices.es\\\/blogs\\\/\",\"url\":\"https:\\\/\\\/www.waterleakservices.es\\\/blogs\\\/\",\"name\":\"Water Leak Services Spain Blog | Expert Leak Detection Insights\",\"isPartOf\":{\"@id\":\"https:\\\/\\\/www.waterleakservices.es\\\/#website\"},\"datePublished\":\"2025-03-05T09:32:40+00:00\",\"dateModified\":\"2025-03-25T11:04:44+00:00\",\"description\":\"Stay informed with Water Leak Services Spain's blog. Explore articles on leak detection methods, maintenance tips & water conservation strategies.\",\"breadcrumb\":{\"@id\":\"https:\\\/\\\/www.waterleakservices.es\\\/blogs\\\/#breadcrumb\"},\"inLanguage\":\"es\",\"potentialAction\":[{\"@type\":\"ReadAction\",\"target\":[\"https:\\\/\\\/www.waterleakservices.es\\\/blogs\\\/\"]}]},{\"@type\":\"BreadcrumbList\",\"@id\":\"https:\\\/\\\/www.waterleakservices.es\\\/blogs\\\/#breadcrumb\",\"itemListElement\":[{\"@type\":\"ListItem\",\"position\":1,\"name\":\"Home\",\"item\":\"https:\\\/\\\/www.waterleakservices.es\\\/\"},{\"@type\":\"ListItem\",\"position\":2,\"name\":\"Latest Blogs\"}]},{\"@type\":\"WebSite\",\"@id\":\"https:\\\/\\\/www.waterleakservices.es\\\/#website\",\"url\":\"https:\\\/\\\/www.waterleakservices.es\\\/\",\"name\":\"Water Leak Detection .es\",\"description\":\"\",\"potentialAction\":[{\"@type\":\"SearchAction\",\"target\":{\"@type\":\"EntryPoint\",\"urlTemplate\":\"https:\\\/\\\/www.waterleakservices.es\\\/?s={search_term_string}\"},\"query-input\":{\"@type\":\"PropertyValueSpecification\",\"valueRequired\":true,\"valueName\":\"search_term_string\"}}],\"inLanguage\":\"es\"}]}<\/script>\n<!-- \/ Yoast SEO plugin. -->","yoast_head_json":{"title":"Water Leak Services Spain Blog | Expert Leak Detection Insights","description":"Stay informed with Water Leak Services Spain's blog. Explore articles on leak detection methods, maintenance tips & water conservation strategies.","robots":{"index":"index","follow":"follow","max-snippet":"max-snippet:-1","max-image-preview":"max-image-preview:large","max-video-preview":"max-video-preview:-1"},"canonical":"https:\/\/www.waterleakservices.es\/es\/blogs\/","og_locale":"es_ES","og_type":"article","og_title":"Water Leak Services Spain Blog | Expert Leak Detection Insights","og_description":"Stay informed with Water Leak Services Spain's blog. Explore articles on leak detection methods, maintenance tips & water conservation strategies.","og_url":"https:\/\/www.waterleakservices.es\/es\/blogs\/","og_site_name":"Water Leak Detection .es","article_modified_time":"2025-03-25T11:04:44+00:00","twitter_card":"summary_large_image","twitter_misc":{"Tiempo de lectura":"1 minuto"},"schema":{"@context":"https:\/\/schema.org","@graph":[{"@type":"WebPage","@id":"https:\/\/www.waterleakservices.es\/blogs\/","url":"https:\/\/www.waterleakservices.es\/blogs\/","name":"Water Leak Services Spain Blog | Expert Leak Detection Insights","isPartOf":{"@id":"https:\/\/www.waterleakservices.es\/#website"},"datePublished":"2025-03-05T09:32:40+00:00","dateModified":"2025-03-25T11:04:44+00:00","description":"Stay informed with Water Leak Services Spain's blog. Explore articles on leak detection methods, maintenance tips & water conservation strategies.","breadcrumb":{"@id":"https:\/\/www.waterleakservices.es\/blogs\/#breadcrumb"},"inLanguage":"es","potentialAction":[{"@type":"ReadAction","target":["https:\/\/www.waterleakservices.es\/blogs\/"]}]},{"@type":"BreadcrumbList","@id":"https:\/\/www.waterleakservices.es\/blogs\/#breadcrumb","itemListElement":[{"@type":"ListItem","position":1,"name":"Home","item":"https:\/\/www.waterleakservices.es\/"},{"@type":"ListItem","position":2,"name":"Latest Blogs"}]},{"@type":"WebSite","@id":"https:\/\/www.waterleakservices.es\/#website","url":"https:\/\/www.waterleakservices.es\/","name":"Water Leak Detection .es","description":"","potentialAction":[{"@type":"SearchAction","target":{"@type":"EntryPoint","urlTemplate":"https:\/\/www.waterleakservices.es\/?s={search_term_string}"},"query-input":{"@type":"PropertyValueSpecification","valueRequired":true,"valueName":"search_term_string"}}],"inLanguage":"es"}]}},"_links":{"self":[{"href":"http:\/\/www.waterleakservices.es\/es\/wp-json\/wp\/v2\/pages\/1133","targetHints":{"allow":["GET"]}}],"collection":[{"href":"http:\/\/www.waterleakservices.es\/es\/wp-json\/wp\/v2\/pages"}],"about":[{"href":"http:\/\/www.waterleakservices.es\/es\/wp-json\/wp\/v2\/types\/page"}],"author":[{"embeddable":true,"href":"http:\/\/www.waterleakservices.es\/es\/wp-json\/wp\/v2\/users\/1"}],"replies":[{"embeddable":true,"href":"http:\/\/www.waterleakservices.es\/es\/wp-json\/wp\/v2\/comments?post=1133"}],"version-history":[{"count":38,"href":"http:\/\/www.waterleakservices.es\/es\/wp-json\/wp\/v2\/pages\/1133\/revisions"}],"predecessor-version":[{"id":1295,"href":"http:\/\/www.waterleakservices.es\/es\/wp-json\/wp\/v2\/pages\/1133\/revisions\/1295"}],"wp:attachment":[{"href":"http:\/\/www.waterleakservices.es\/es\/wp-json\/wp\/v2\/media?parent=1133"}],"curies":[{"name":"wp","href":"https:\/\/api.w.org\/{rel}","templated":true}]}}